{"id":1751,"date":"2020-03-05T11:19:51","date_gmt":"2020-03-05T10:19:51","guid":{"rendered":"http:\/\/getajourforlag.dk\/the-authors\/charlotte-emmery\/"},"modified":"2020-07-06T12:02:02","modified_gmt":"2020-07-06T10:02:02","slug":"charlotte-emmery","status":"publish","type":"page","link":"https:\/\/getpublished.dk\/en\/the-authors\/charlotte-emmery\/","title":{"rendered":"Charlotte Emmery"},"content":{"rendered":"\t\t<div data-elementor-type=\"wp-page\" data-elementor-id=\"1751\" class=\"elementor elementor-1751\" data-elementor-post-type=\"page\">\n\t\t\t\t\t\t<section class=\"elementor-section elementor-top-section elementor-element elementor-element-39509e23 elementor-section-content-top elementor-section-boxed elementor-section-height-default elementor-section-height-default\" data-id=\"39509e23\" data-element_type=\"section\" data-e-type=\"section\" data-settings=\"{&quot;background_background&quot;:&quot;classic&quot;}\">\n\t\t\t\t\t\t<div class=\"elementor-container elementor-column-gap-default\">\n\t\t\t\t\t<div class=\"elementor-column elementor-col-50 elementor-top-column elementor-element elementor-element-5a6a041d\" data-id=\"5a6a041d\" data-element_type=\"column\" data-e-type=\"column\">\n\t\t\t<div class=\"elementor-widget-wrap elementor-element-populated\">\n\t\t\t\t\t\t<div class=\"elementor-element elementor-element-14023352 elementor-widget elementor-widget-heading\" data-id=\"14023352\" data-element_type=\"widget\" data-e-type=\"widget\" data-widget_type=\"heading.default\">\n\t\t\t\t<div class=\"elementor-widget-container\">\n\t\t\t\t\t<span class=\"elementor-heading-title elementor-size-default\">Educator, writer, and lecturer<\/span>\t\t\t\t<\/div>\n\t\t\t\t<\/div>\n\t\t\t\t<div class=\"elementor-element elementor-element-15a6da1 elementor-widget elementor-widget-heading\" data-id=\"15a6da1\" data-element_type=\"widget\" data-e-type=\"widget\" data-widget_type=\"heading.default\">\n\t\t\t\t<div class=\"elementor-widget-container\">\n\t\t\t\t\t<h1 class=\"elementor-heading-title elementor-size-default\">Charlotte Emmery<\/h1>\t\t\t\t<\/div>\n\t\t\t\t<\/div>\n\t\t\t\t<div class=\"elementor-element elementor-element-71e2acb6 elementor-widget elementor-widget-image\" data-id=\"71e2acb6\" data-element_type=\"widget\" data-e-type=\"widget\" data-widget_type=\"image.default\">\n\t\t\t\t<div class=\"elementor-widget-container\">\n\t\t\t\t\t\t\t\t\t\t\t\t\t\t\t<img fetchpriority=\"high\" decoding=\"async\" width=\"800\" height=\"937\" src=\"https:\/\/getpublished.dk\/wp-content\/uploads\/2020\/05\/Forfatter-Charlotte-Emmery.jpg\" class=\"attachment-large size-large wp-image-545\" alt=\"Charlotte Emmery\" srcset=\"https:\/\/getpublished.dk\/wp-content\/uploads\/2020\/05\/Forfatter-Charlotte-Emmery.jpg 800w, https:\/\/getpublished.dk\/wp-content\/uploads\/2020\/05\/Forfatter-Charlotte-Emmery-256x300.jpg 256w, https:\/\/getpublished.dk\/wp-content\/uploads\/2020\/05\/Forfatter-Charlotte-Emmery-768x900.jpg 768w, https:\/\/getpublished.dk\/wp-content\/uploads\/2020\/05\/Forfatter-Charlotte-Emmery-600x703.jpg 600w\" sizes=\"(max-width: 800px) 100vw, 800px\" \/>\t\t\t\t\t\t\t\t\t\t\t\t\t\t\t<\/div>\n\t\t\t\t<\/div>\n\t\t\t\t<div class=\"elementor-element elementor-element-5739d7ac elementor-icon-list--layout-inline elementor-align-center elementor-tablet-align-start elementor-list-item-link-full_width elementor-widget elementor-widget-icon-list\" data-id=\"5739d7ac\" data-element_type=\"widget\" data-e-type=\"widget\" data-widget_type=\"icon-list.default\">\n\t\t\t\t<div class=\"elementor-widget-container\">\n\t\t\t\t\t\t\t<ul class=\"elementor-icon-list-items elementor-inline-items\">\n\t\t\t\t\t\t\t<li class=\"elementor-icon-list-item elementor-inline-item\">\n\t\t\t\t\t\t\t\t\t\t\t<a href=\"mailto:info@getajour.dk\">\n\n\t\t\t\t\t\t\t\t\t\t\t\t<span class=\"elementor-icon-list-icon\">\n\t\t\t\t\t\t\t<i aria-hidden=\"true\" class=\"fas fa-envelope\"><\/i>\t\t\t\t\t\t<\/span>\n\t\t\t\t\t\t\t\t\t\t<span class=\"elementor-icon-list-text\">info@getajour.dk<\/span>\n\t\t\t\t\t\t\t\t\t\t\t<\/a>\n\t\t\t\t\t\t\t\t\t<\/li>\n\t\t\t\t\t\t<\/ul>\n\t\t\t\t\t\t<\/div>\n\t\t\t\t<\/div>\n\t\t\t\t\t<\/div>\n\t\t<\/div>\n\t\t\t\t<div class=\"elementor-column elementor-col-50 elementor-top-column elementor-element elementor-element-16d854ba\" data-id=\"16d854ba\" data-element_type=\"column\" data-e-type=\"column\">\n\t\t\t<div class=\"elementor-widget-wrap elementor-element-populated\">\n\t\t\t\t\t\t<div class=\"elementor-element elementor-element-6047a352 elementor-widget elementor-widget-spacer\" data-id=\"6047a352\" data-element_type=\"widget\" data-e-type=\"widget\" data-widget_type=\"spacer.default\">\n\t\t\t\t<div class=\"elementor-widget-container\">\n\t\t\t\t\t\t\t<div class=\"elementor-spacer\">\n\t\t\t<div class=\"elementor-spacer-inner\"><\/div>\n\t\t<\/div>\n\t\t\t\t\t\t<\/div>\n\t\t\t\t<\/div>\n\t\t\t\t<div class=\"elementor-element elementor-element-7c2b483 elementor-invisible elementor-widget elementor-widget-image\" data-id=\"7c2b483\" data-element_type=\"widget\" data-e-type=\"widget\" data-settings=\"{&quot;_animation&quot;:&quot;zoomIn&quot;}\" data-widget_type=\"image.default\">\n\t\t\t\t<div class=\"elementor-widget-container\">\n\t\t\t\t\t\t\t\t\t\t\t\t\t\t\t<img decoding=\"async\" width=\"600\" height=\"534\" src=\"https:\/\/getpublished.dk\/wp-content\/uploads\/2020\/05\/Blaekklat.png\" class=\"attachment-large size-large wp-image-552\" alt=\"\" srcset=\"https:\/\/getpublished.dk\/wp-content\/uploads\/2020\/05\/Blaekklat.png 600w, https:\/\/getpublished.dk\/wp-content\/uploads\/2020\/05\/Blaekklat-300x267.png 300w\" sizes=\"(max-width: 600px) 100vw, 600px\" \/>\t\t\t\t\t\t\t\t\t\t\t\t\t\t\t<\/div>\n\t\t\t\t<\/div>\n\t\t\t\t<div class=\"elementor-element elementor-element-27f226f9 elementor-widget elementor-widget-heading\" data-id=\"27f226f9\" data-element_type=\"widget\" data-e-type=\"widget\" data-widget_type=\"heading.default\">\n\t\t\t\t<div class=\"elementor-widget-container\">\n\t\t\t\t\t<h2 class=\"elementor-heading-title elementor-size-default\">Let's begin with a song...<\/h2>\t\t\t\t<\/div>\n\t\t\t\t<\/div>\n\t\t\t\t<div class=\"elementor-element elementor-element-72ac27c3 elementor-widget elementor-widget-text-editor\" data-id=\"72ac27c3\" data-element_type=\"widget\" data-e-type=\"widget\" data-widget_type=\"text-editor.default\">\n\t\t\t\t<div class=\"elementor-widget-container\">\n\t\t\t\t\t\t\t\t\t<p><strong>Charlotte Emmery is an educator, entertainer, guide, lecturer, and co-author of the book <a href=\"\/?p=244\">\u201dMan synger da ikke p\u00e5 et universitet- en v\u00e6rkt\u00f8jsbog om v\u00e6rtskab og oplevelser\u201d<\/a>.<\/strong><\/p>\n<p>The university students exchange uncertain and surprised glances when she gleefully says: &#8220;Let&#8217;s begin with a song&#8221;.<\/p>\n<p>&#8220;A few of them feel that it&#8217;s outside of their comfort zone, and they don&#8217;t really know what to think. But oddly enough, it&#8217;s often the one thing they mention when I meet them years down the line,&#8221; Charlotte says, and adds that the things we find memorable are often connected to feelings &#8211; to dedication, experiences, a sense of community, and to the intimacy of the moment.<\/p>\n<p>This served as the starting point for the book which she and Nanna Balsby published in 2018.<\/p>\n\t\t\t\t\t\t\t\t<\/div>\n\t\t\t\t<\/div>\n\t\t\t\t<div class=\"elementor-element elementor-element-4e592194 elementor-widget elementor-widget-spacer\" data-id=\"4e592194\" data-element_type=\"widget\" data-e-type=\"widget\" data-widget_type=\"spacer.default\">\n\t\t\t\t<div class=\"elementor-widget-container\">\n\t\t\t\t\t\t\t<div class=\"elementor-spacer\">\n\t\t\t<div class=\"elementor-spacer-inner\"><\/div>\n\t\t<\/div>\n\t\t\t\t\t\t<\/div>\n\t\t\t\t<\/div>\n\t\t\t\t\t<\/div>\n\t\t<\/div>\n\t\t\t\t\t<\/div>\n\t\t<\/section>\n\t\t\t\t<section class=\"elementor-section elementor-top-section elementor-element elementor-element-718b3a81 elementor-section-content-middle elementor-reverse-tablet elementor-reverse-mobile elementor-section-boxed elementor-section-height-default elementor-section-height-default\" data-id=\"718b3a81\" data-element_type=\"section\" data-e-type=\"section\" data-settings=\"{&quot;background_background&quot;:&quot;classic&quot;}\">\n\t\t\t\t\t\t<div class=\"elementor-container elementor-column-gap-default\">\n\t\t\t\t\t<div class=\"elementor-column elementor-col-50 elementor-top-column elementor-element elementor-element-5b6233a0\" data-id=\"5b6233a0\" data-element_type=\"column\" data-e-type=\"column\">\n\t\t\t<div class=\"elementor-widget-wrap elementor-element-populated\">\n\t\t\t\t\t\t<div class=\"elementor-element elementor-element-68f53098 elementor-widget elementor-widget-text-editor\" data-id=\"68f53098\" data-element_type=\"widget\" data-e-type=\"widget\" data-widget_type=\"text-editor.default\">\n\t\t\t\t<div class=\"elementor-widget-container\">\n\t\t\t\t\t\t\t\t\t<p><\/p>\n<p>Besides singing, Charlotte loves to tell anecdotes and stories from her own life &#8211; especially if there&#8217;s a moral or punch line to the story, which others can recognize or laugh at. Because it&#8217;s often the amusing stories which we remember, pass on &#8211; and learn from.<\/p>\n<p>&#8220;There are plenty of books within the field of the experience economy, which focus on presenting theory and research. We felt there was a lack of easily approachable books for students and employees from the experience industry &#8211; written with stories, humour, and charm. We wanted our book to be different and to stand out by being professional, inclusive, and funny,&#8217; she states, and goes on to say that it was important to her that the book \u2019Man synger da ikke p\u00e5 et universitet\u2019 stimulated the senses.<\/p>\n<p>People should want to flick through it, and it should draw their attention lying on a coffee table with its pink colours and the almost lacquered cover. And then it needed to have loads of golden confetti for the reader, both mentally and physically, in the shape of the little bag which she and Nanna Balsby included at the back of the book.<\/p>\n<p><\/p>\n\t\t\t\t\t\t\t\t<\/div>\n\t\t\t\t<\/div>\n\t\t\t\t\t<\/div>\n\t\t<\/div>\n\t\t\t\t<div class=\"elementor-column elementor-col-50 elementor-top-column elementor-element elementor-element-152f01af\" data-id=\"152f01af\" data-element_type=\"column\" data-e-type=\"column\">\n\t\t\t<div class=\"elementor-widget-wrap elementor-element-populated\">\n\t\t\t\t\t\t<div class=\"elementor-element elementor-element-3c9d5488 elementor-widget elementor-widget-image\" data-id=\"3c9d5488\" data-element_type=\"widget\" data-e-type=\"widget\" data-widget_type=\"image.default\">\n\t\t\t\t<div class=\"elementor-widget-container\">\n\t\t\t\t\t\t\t\t\t\t\t\t\t\t\t\t<a href=\"\/?p=244\">\n\t\t\t\t\t\t\t<img decoding=\"async\" width=\"1024\" height=\"1024\" src=\"https:\/\/getpublished.dk\/wp-content\/uploads\/2020\/03\/Bog-Man-synger-da-ikke-pa-et-universitet-3-1024x1024.jpg\" class=\"attachment-large size-large wp-image-853\" alt=\"Man-synger-da-ikke-pa-et-universitet\" srcset=\"https:\/\/getpublished.dk\/wp-content\/uploads\/2020\/03\/Bog-Man-synger-da-ikke-pa-et-universitet-3-1024x1024.jpg 1024w, https:\/\/getpublished.dk\/wp-content\/uploads\/2020\/03\/Bog-Man-synger-da-ikke-pa-et-universitet-3-300x300.jpg 300w, https:\/\/getpublished.dk\/wp-content\/uploads\/2020\/03\/Bog-Man-synger-da-ikke-pa-et-universitet-3-150x150.jpg 150w, https:\/\/getpublished.dk\/wp-content\/uploads\/2020\/03\/Bog-Man-synger-da-ikke-pa-et-universitet-3-768x768.jpg 768w, https:\/\/getpublished.dk\/wp-content\/uploads\/2020\/03\/Bog-Man-synger-da-ikke-pa-et-universitet-3-600x600.jpg 600w, https:\/\/getpublished.dk\/wp-content\/uploads\/2020\/03\/Bog-Man-synger-da-ikke-pa-et-universitet-3-100x100.jpg 100w, https:\/\/getpublished.dk\/wp-content\/uploads\/2020\/03\/Bog-Man-synger-da-ikke-pa-et-universitet-3.jpg 1100w\" sizes=\"(max-width: 1024px) 100vw, 1024px\" \/>\t\t\t\t\t\t\t\t<\/a>\n\t\t\t\t\t\t\t\t\t\t\t\t\t\t\t<\/div>\n\t\t\t\t<\/div>\n\t\t\t\t\t<\/div>\n\t\t<\/div>\n\t\t\t\t\t<\/div>\n\t\t<\/section>\n\t\t\t\t<\/div>\n\t\t","protected":false},"excerpt":{"rendered":"<p>Educator, writer, and lecturer Charlotte Emmery info@getajour.dk Let&#8217;s begin with a song&#8230; Charlotte Emmery is an educator, entertainer, guide, lecturer, and co-author of the book \u201dMan synger da ikke p\u00e5 et universitet- en v\u00e6rkt\u00f8jsbog om v\u00e6rtskab og oplevelser\u201d. The university students exchange uncertain and surprised glances when she gleefully says: &#8220;Let&#8217;s begin with a song&#8221;. [&hellip;]<\/p>\n","protected":false},"author":2,"featured_media":0,"parent":1639,"menu_order":0,"comment_status":"closed","ping_status":"closed","template":"elementor_header_footer","meta":{"_acf_changed":false,"site-sidebar-layout":"default","site-content-layout":"","ast-site-content-layout":"default","site-content-style":"default","site-sidebar-style":"default","ast-global-header-display":"","ast-banner-title-visibility":"","ast-main-header-display":"","ast-hfb-above-header-display":"","ast-hfb-below-header-display":"","ast-hfb-mobile-header-display":"","site-post-title":"","ast-breadcrumbs-content":"","ast-featured-img":"","footer-sml-layout":"","theme-transparent-header-meta":"","adv-header-id-meta":"","stick-header-meta":"","header-above-stick-meta":"","header-main-stick-meta":"","header-below-stick-meta":"","astra-migrate-meta-layouts":"default","ast-page-background-enabled":"default","ast-page-background-meta":{"desktop":{"background-color":"","background-image":"","background-repeat":"repeat","background-position":"center center","background-size":"auto","background-attachment":"scroll","background-type":"","background-media":"","overlay-type":"","overlay-color":"","overlay-opacity":"","overlay-gradient":""},"tablet":{"background-color":"","background-image":"","background-repeat":"repeat","background-position":"center center","background-size":"auto","background-attachment":"scroll","background-type":"","background-media":"","overlay-type":"","overlay-color":"","overlay-opacity":"","overlay-gradient":""},"mobile":{"background-color":"","background-image":"","background-repeat":"repeat","background-position":"center center","background-size":"auto","background-attachment":"scroll","background-type":"","background-media":"","overlay-type":"","overlay-color":"","overlay-opacity":"","overlay-gradient":""}},"ast-content-background-meta":{"desktop":{"background-color":"var(--ast-global-color-5)","background-image":"","background-repeat":"repeat","background-position":"center center","background-size":"auto","background-attachment":"scroll","background-type":"","background-media":"","overlay-type":"","overlay-color":"","overlay-opacity":"","overlay-gradient":""},"tablet":{"background-color":"var(--ast-global-color-5)","background-image":"","background-repeat":"repeat","background-position":"center center","background-size":"auto","background-attachment":"scroll","background-type":"","background-media":"","overlay-type":"","overlay-color":"","overlay-opacity":"","overlay-gradient":""},"mobile":{"background-color":"var(--ast-global-color-5)","background-image":"","background-repeat":"repeat","background-position":"center center","background-size":"auto","background-attachment":"scroll","background-type":"","background-media":"","overlay-type":"","overlay-color":"","overlay-opacity":"","overlay-gradient":""}},"h5ap_radio_sources":[],"footnotes":""},"class_list":["post-1751","page","type-page","status-publish","hentry"],"acf":[],"yoast_head":"<!-- This site is optimized with the Yoast SEO plugin v27.3 - https:\/\/yoast.com\/product\/yoast-seo-wordpress\/ -->\n<title>Charlotte Emmery - Get Ajour Forlag<\/title>\n<meta name=\"robots\" content=\"index, follow, max-snippet:-1, max-image-preview:large, max-video-preview:-1\" \/>\n<link rel=\"canonical\" href=\"https:\/\/getajourpublishing.com\/the-authors\/charlotte-emmery\/\" \/>\n<meta property=\"og:locale\" content=\"en_US\" \/>\n<meta property=\"og:type\" content=\"article\" \/>\n<meta property=\"og:title\" content=\"Charlotte Emmery - Get Ajour Forlag\" \/>\n<meta property=\"og:description\" content=\"Educator, writer, and lecturer Charlotte Emmery info@getajour.dk Let&#8217;s begin with a song&#8230; Charlotte Emmery is an educator, entertainer, guide, lecturer, and co-author of the book \u201dMan synger da ikke p\u00e5 et universitet- en v\u00e6rkt\u00f8jsbog om v\u00e6rtskab og oplevelser\u201d. The university students exchange uncertain and surprised glances when she gleefully says: &#8220;Let&#8217;s begin with a song&#8221;. [&hellip;]\" \/>\n<meta property=\"og:url\" content=\"https:\/\/getajourpublishing.com\/the-authors\/charlotte-emmery\/\" \/>\n<meta property=\"og:site_name\" content=\"Get Ajour Forlag\" \/>\n<meta property=\"article:modified_time\" content=\"2020-07-06T10:02:02+00:00\" \/>\n<meta property=\"og:image\" content=\"http:\/\/getajourforlag.dk\/wp-content\/uploads\/2020\/05\/Forfatter-Charlotte-Emmery.jpg\" \/>\n<meta name=\"twitter:card\" content=\"summary_large_image\" \/>\n<meta name=\"twitter:label1\" content=\"Est. reading time\" \/>\n\t<meta name=\"twitter:data1\" content=\"2 minutes\" \/>\n<script type=\"application\/ld+json\" class=\"yoast-schema-graph\">{\"@context\":\"https:\\\/\\\/schema.org\",\"@graph\":[{\"@type\":\"WebPage\",\"@id\":\"https:\\\/\\\/getajourpublishing.com\\\/the-authors\\\/charlotte-emmery\\\/\",\"url\":\"https:\\\/\\\/getajourpublishing.com\\\/the-authors\\\/charlotte-emmery\\\/\",\"name\":\"Charlotte Emmery - Get Ajour Forlag\",\"isPartOf\":{\"@id\":\"https:\\\/\\\/getajourforlag.dk\\\/#website\"},\"primaryImageOfPage\":{\"@id\":\"https:\\\/\\\/getajourpublishing.com\\\/the-authors\\\/charlotte-emmery\\\/#primaryimage\"},\"image\":{\"@id\":\"https:\\\/\\\/getajourpublishing.com\\\/the-authors\\\/charlotte-emmery\\\/#primaryimage\"},\"thumbnailUrl\":\"https:\\\/\\\/getpublished.dk\\\/wp-content\\\/uploads\\\/2020\\\/05\\\/Forfatter-Charlotte-Emmery.jpg\",\"datePublished\":\"2020-03-05T10:19:51+00:00\",\"dateModified\":\"2020-07-06T10:02:02+00:00\",\"breadcrumb\":{\"@id\":\"https:\\\/\\\/getajourpublishing.com\\\/the-authors\\\/charlotte-emmery\\\/#breadcrumb\"},\"inLanguage\":\"en-US\",\"potentialAction\":[{\"@type\":\"ReadAction\",\"target\":[\"https:\\\/\\\/getajourpublishing.com\\\/the-authors\\\/charlotte-emmery\\\/\"]}]},{\"@type\":\"ImageObject\",\"inLanguage\":\"en-US\",\"@id\":\"https:\\\/\\\/getajourpublishing.com\\\/the-authors\\\/charlotte-emmery\\\/#primaryimage\",\"url\":\"https:\\\/\\\/getpublished.dk\\\/wp-content\\\/uploads\\\/2020\\\/05\\\/Forfatter-Charlotte-Emmery.jpg\",\"contentUrl\":\"https:\\\/\\\/getpublished.dk\\\/wp-content\\\/uploads\\\/2020\\\/05\\\/Forfatter-Charlotte-Emmery.jpg\"},{\"@type\":\"BreadcrumbList\",\"@id\":\"https:\\\/\\\/getajourpublishing.com\\\/the-authors\\\/charlotte-emmery\\\/#breadcrumb\",\"itemListElement\":[{\"@type\":\"ListItem\",\"position\":1,\"name\":\"Hjem\",\"item\":\"https:\\\/\\\/getajourpublishing.com\\\/\"},{\"@type\":\"ListItem\",\"position\":2,\"name\":\"The Authors\",\"item\":\"https:\\\/\\\/getajourpublishing.com\\\/the-authors\\\/\"},{\"@type\":\"ListItem\",\"position\":3,\"name\":\"Charlotte Emmery\"}]},{\"@type\":\"WebSite\",\"@id\":\"https:\\\/\\\/getajourforlag.dk\\\/#website\",\"url\":\"https:\\\/\\\/getajourforlag.dk\\\/\",\"name\":\"Get Ajour Forlag\",\"description\":\"B\u00f8ger der giver stof til eftertanke\",\"publisher\":{\"@id\":\"https:\\\/\\\/getajourforlag.dk\\\/#organization\"},\"potentialAction\":[{\"@type\":\"SearchAction\",\"target\":{\"@type\":\"EntryPoint\",\"urlTemplate\":\"https:\\\/\\\/getajourforlag.dk\\\/?s={search_term_string}\"},\"query-input\":{\"@type\":\"PropertyValueSpecification\",\"valueRequired\":true,\"valueName\":\"search_term_string\"}}],\"inLanguage\":\"en-US\"},{\"@type\":\"Organization\",\"@id\":\"https:\\\/\\\/getajourforlag.dk\\\/#organization\",\"name\":\"Get Ajour Forlag\",\"url\":\"https:\\\/\\\/getajourforlag.dk\\\/\",\"logo\":{\"@type\":\"ImageObject\",\"inLanguage\":\"en-US\",\"@id\":\"https:\\\/\\\/getajourforlag.dk\\\/#\\\/schema\\\/logo\\\/image\\\/\",\"url\":\"https:\\\/\\\/getpublished.dk\\\/wp-content\\\/uploads\\\/2020\\\/06\\\/GetAjourForlag_Sort_440px.png\",\"contentUrl\":\"https:\\\/\\\/getpublished.dk\\\/wp-content\\\/uploads\\\/2020\\\/06\\\/GetAjourForlag_Sort_440px.png\",\"width\":440,\"height\":182,\"caption\":\"Get Ajour Forlag\"},\"image\":{\"@id\":\"https:\\\/\\\/getajourforlag.dk\\\/#\\\/schema\\\/logo\\\/image\\\/\"}}]}<\/script>\n<!-- \/ Yoast SEO plugin. -->","yoast_head_json":{"title":"Charlotte Emmery - Get Ajour Forlag","robots":{"index":"index","follow":"follow","max-snippet":"max-snippet:-1","max-image-preview":"max-image-preview:large","max-video-preview":"max-video-preview:-1"},"canonical":"https:\/\/getajourpublishing.com\/the-authors\/charlotte-emmery\/","og_locale":"en_US","og_type":"article","og_title":"Charlotte Emmery - Get Ajour Forlag","og_description":"Educator, writer, and lecturer Charlotte Emmery info@getajour.dk Let&#8217;s begin with a song&#8230; Charlotte Emmery is an educator, entertainer, guide, lecturer, and co-author of the book \u201dMan synger da ikke p\u00e5 et universitet- en v\u00e6rkt\u00f8jsbog om v\u00e6rtskab og oplevelser\u201d. The university students exchange uncertain and surprised glances when she gleefully says: &#8220;Let&#8217;s begin with a song&#8221;. [&hellip;]","og_url":"https:\/\/getajourpublishing.com\/the-authors\/charlotte-emmery\/","og_site_name":"Get Ajour Forlag","article_modified_time":"2020-07-06T10:02:02+00:00","og_image":[{"url":"http:\/\/getajourforlag.dk\/wp-content\/uploads\/2020\/05\/Forfatter-Charlotte-Emmery.jpg","type":"","width":"","height":""}],"twitter_card":"summary_large_image","twitter_misc":{"Est. reading time":"2 minutes"},"schema":{"@context":"https:\/\/schema.org","@graph":[{"@type":"WebPage","@id":"https:\/\/getajourpublishing.com\/the-authors\/charlotte-emmery\/","url":"https:\/\/getajourpublishing.com\/the-authors\/charlotte-emmery\/","name":"Charlotte Emmery - Get Ajour Forlag","isPartOf":{"@id":"https:\/\/getajourforlag.dk\/#website"},"primaryImageOfPage":{"@id":"https:\/\/getajourpublishing.com\/the-authors\/charlotte-emmery\/#primaryimage"},"image":{"@id":"https:\/\/getajourpublishing.com\/the-authors\/charlotte-emmery\/#primaryimage"},"thumbnailUrl":"https:\/\/getpublished.dk\/wp-content\/uploads\/2020\/05\/Forfatter-Charlotte-Emmery.jpg","datePublished":"2020-03-05T10:19:51+00:00","dateModified":"2020-07-06T10:02:02+00:00","breadcrumb":{"@id":"https:\/\/getajourpublishing.com\/the-authors\/charlotte-emmery\/#breadcrumb"},"inLanguage":"en-US","potentialAction":[{"@type":"ReadAction","target":["https:\/\/getajourpublishing.com\/the-authors\/charlotte-emmery\/"]}]},{"@type":"ImageObject","inLanguage":"en-US","@id":"https:\/\/getajourpublishing.com\/the-authors\/charlotte-emmery\/#primaryimage","url":"https:\/\/getpublished.dk\/wp-content\/uploads\/2020\/05\/Forfatter-Charlotte-Emmery.jpg","contentUrl":"https:\/\/getpublished.dk\/wp-content\/uploads\/2020\/05\/Forfatter-Charlotte-Emmery.jpg"},{"@type":"BreadcrumbList","@id":"https:\/\/getajourpublishing.com\/the-authors\/charlotte-emmery\/#breadcrumb","itemListElement":[{"@type":"ListItem","position":1,"name":"Hjem","item":"https:\/\/getajourpublishing.com\/"},{"@type":"ListItem","position":2,"name":"The Authors","item":"https:\/\/getajourpublishing.com\/the-authors\/"},{"@type":"ListItem","position":3,"name":"Charlotte Emmery"}]},{"@type":"WebSite","@id":"https:\/\/getajourforlag.dk\/#website","url":"https:\/\/getajourforlag.dk\/","name":"Get Ajour Forlag","description":"B\u00f8ger der giver stof til eftertanke","publisher":{"@id":"https:\/\/getajourforlag.dk\/#organization"},"potentialAction":[{"@type":"SearchAction","target":{"@type":"EntryPoint","urlTemplate":"https:\/\/getajourforlag.dk\/?s={search_term_string}"},"query-input":{"@type":"PropertyValueSpecification","valueRequired":true,"valueName":"search_term_string"}}],"inLanguage":"en-US"},{"@type":"Organization","@id":"https:\/\/getajourforlag.dk\/#organization","name":"Get Ajour Forlag","url":"https:\/\/getajourforlag.dk\/","logo":{"@type":"ImageObject","inLanguage":"en-US","@id":"https:\/\/getajourforlag.dk\/#\/schema\/logo\/image\/","url":"https:\/\/getpublished.dk\/wp-content\/uploads\/2020\/06\/GetAjourForlag_Sort_440px.png","contentUrl":"https:\/\/getpublished.dk\/wp-content\/uploads\/2020\/06\/GetAjourForlag_Sort_440px.png","width":440,"height":182,"caption":"Get Ajour Forlag"},"image":{"@id":"https:\/\/getajourforlag.dk\/#\/schema\/logo\/image\/"}}]}},"_links":{"self":[{"href":"https:\/\/getpublished.dk\/en\/wp-json\/wp\/v2\/pages\/1751","targetHints":{"allow":["GET"]}}],"collection":[{"href":"https:\/\/getpublished.dk\/en\/wp-json\/wp\/v2\/pages"}],"about":[{"href":"https:\/\/getpublished.dk\/en\/wp-json\/wp\/v2\/types\/page"}],"author":[{"embeddable":true,"href":"https:\/\/getpublished.dk\/en\/wp-json\/wp\/v2\/users\/2"}],"replies":[{"embeddable":true,"href":"https:\/\/getpublished.dk\/en\/wp-json\/wp\/v2\/comments?post=1751"}],"version-history":[{"count":5,"href":"https:\/\/getpublished.dk\/en\/wp-json\/wp\/v2\/pages\/1751\/revisions"}],"predecessor-version":[{"id":2512,"href":"https:\/\/getpublished.dk\/en\/wp-json\/wp\/v2\/pages\/1751\/revisions\/2512"}],"up":[{"embeddable":true,"href":"https:\/\/getpublished.dk\/en\/wp-json\/wp\/v2\/pages\/1639"}],"wp:attachment":[{"href":"https:\/\/getpublished.dk\/en\/wp-json\/wp\/v2\/media?parent=1751"}],"curies":[{"name":"wp","href":"https:\/\/api.w.org\/{rel}","templated":true}]}}