{"id":3071,"date":"2021-11-25T10:54:28","date_gmt":"2021-11-25T09:54:28","guid":{"rendered":"http:\/\/getajourforlag.dk\/vare\/strategisk-storytelling-i-praksis\/"},"modified":"2024-07-29T07:07:06","modified_gmt":"2024-07-29T05:07:06","slug":"strategisk-storytelling-i-praksis","status":"publish","type":"product","link":"https:\/\/getpublished.dk\/en\/vare\/strategisk-storytelling-i-praksis\/","title":{"rendered":"Strategisk storytelling<br> i praksis"},"content":{"rendered":"<p><strong><span style=\"color: #333333;\">I fremtiden konkurrerer vi p\u00e5 fort\u00e6llinger<\/span><\/strong><\/p>\n<p><span style=\"color: #333333;\">Ud over en hel masse viden, eksempler, \u00f8velser og aha-oplevelser, byder bogen ogs\u00e5 p\u00e5 hele 13 cases fra danske s\u00e5vel som internationale virksomheder.<\/span><\/p>\n<p>M\u00f8d eksempelvis en af m\u00e6ndene bag den 3-stjernede Michelin restaurant Geranium, S\u00f8ren Ledet, der om nogen ved, at fort\u00e6llingen styrker forretningen og f\u00e5r v\u00e6rdierne til at vandre. M\u00f8d ligeledes den erfarne kommunikat\u00f8r Dan Prangsgaard fra Thise Mejeri, der helt bevidst bruger fort\u00e6llingen om det gode landbrug, de b\u00e6redygtige produkter og de sunde dyr, n\u00e5r virksomheden g\u00e5r i dialog med sine kunder. Og m\u00f8d Major Anders C. Bech fra Forsvaret &#8211; en samfundsinstitution, der i \u00e5rhundreder har arbejdet bevidst med fort\u00e6llingen om et job og en hverdag i Danmarks tjeneste, der risikerer at kr\u00e6ve livet som indsats.<\/p>\n<p>Alle 13 virksomheder stiller op for at l\u00e6re dig, din organisation og dine kollegaer, hvorfor den strategiske storytelling er vigtig. En disciplin der er alfa og omega i en digitaliseret verden med medievante forbrugere og et stigende behov for en samfundsvendt agenda.<\/p>\n<p>&nbsp;<\/p>\n<p><img fetchpriority=\"high\" decoding=\"async\" class=\"alignleft wp-image-2811 size-large\" src=\"https:\/\/getpublished.dk\/wp-content\/uploads\/2021\/11\/Geranium-Soeren-Ledet-683x1024.jpg\" alt=\"\" width=\"683\" height=\"1024\" srcset=\"https:\/\/getpublished.dk\/wp-content\/uploads\/2021\/11\/Geranium-Soeren-Ledet-683x1024.jpg 683w, https:\/\/getpublished.dk\/wp-content\/uploads\/2021\/11\/Geranium-Soeren-Ledet-200x300.jpg 200w, https:\/\/getpublished.dk\/wp-content\/uploads\/2021\/11\/Geranium-Soeren-Ledet-768x1151.jpg 768w, https:\/\/getpublished.dk\/wp-content\/uploads\/2021\/11\/Geranium-Soeren-Ledet-1025x1536.jpg 1025w, https:\/\/getpublished.dk\/wp-content\/uploads\/2021\/11\/Geranium-Soeren-Ledet-600x900.jpg 600w, https:\/\/getpublished.dk\/wp-content\/uploads\/2021\/11\/Geranium-Soeren-Ledet.jpg 1067w\" sizes=\"(max-width: 683px) 100vw, 683px\" \/><\/p>\n","protected":false},"excerpt":{"rendered":"<h3>Fort\u00e6l, giv mening og bliv husket<\/h3>\n<p>Dette er h\u00e5ndbogen inden for den strategiske storytelling. Knap 400 sider fyldt med tips, tricks og gode r\u00e5d om, hvordan topchefer, ledere, forskere, s\u00e6lgere, HR-konsulenter, kommunikationsfolk og mange andre professionelle bev\u00e6ger mennesker med historier. G\u00f8r forretningens v\u00e6rdier til meningsfyldte samtaler p\u00e5 gulvet og hverdagens sm\u00e5 gerninger en aktiv del af vejen mod et bedre brand og gladere kunder.<\/p>\n<p><strong>Se meget mere om bogen <a href=\"http:\/\/www.storytellingipraksis.dk\">HER<\/a><\/strong><\/p>\n","protected":false},"featured_media":2809,"template":"","meta":{"_acf_changed":false,"site-sidebar-layout":"default","site-content-layout":"default","ast-site-content-layout":"default","site-content-style":"default","site-sidebar-style":"default","ast-global-header-display":"","ast-banner-title-visibility":"","ast-main-header-display":"","ast-hfb-above-header-display":"","ast-hfb-below-header-display":"","ast-hfb-mobile-header-display":"","site-post-title":"","ast-breadcrumbs-content":"","ast-featured-img":"","footer-sml-layout":"","theme-transparent-header-meta":"default","adv-header-id-meta":"","stick-header-meta":"default","header-above-stick-meta":"","header-main-stick-meta":"","header-below-stick-meta":"","astra-migrate-meta-layouts":"set","ast-page-background-enabled":"default","ast-page-background-meta":{"desktop":{"background-color":"","background-image":"","background-repeat":"repeat","background-position":"center center","background-size":"auto","background-attachment":"scroll","background-type":"","background-media":"","overlay-type":"","overlay-color":"","overlay-opacity":"","overlay-gradient":""},"tablet":{"background-color":"","background-image":"","background-repeat":"repeat","background-position":"center center","background-size":"auto","background-attachment":"scroll","background-type":"","background-media":"","overlay-type":"","overlay-color":"","overlay-opacity":"","overlay-gradient":""},"mobile":{"background-color":"","background-image":"","background-repeat":"repeat","background-position":"center center","background-size":"auto","background-attachment":"scroll","background-type":"","background-media":"","overlay-type":"","overlay-color":"","overlay-opacity":"","overlay-gradient":""}},"ast-content-background-meta":{"desktop":{"background-color":"var(--ast-global-color-5)","background-image":"","background-repeat":"repeat","background-position":"center center","background-size":"auto","background-attachment":"scroll","background-type":"","background-media":"","overlay-type":"","overlay-color":"","overlay-opacity":"","overlay-gradient":""},"tablet":{"background-color":"var(--ast-global-color-5)","background-image":"","background-repeat":"repeat","background-position":"center center","background-size":"auto","background-attachment":"scroll","background-type":"","background-media":"","overlay-type":"","overlay-color":"","overlay-opacity":"","overlay-gradient":""},"mobile":{"background-color":"var(--ast-global-color-5)","background-image":"","background-repeat":"repeat","background-position":"center center","background-size":"auto","background-attachment":"scroll","background-type":"","background-media":"","overlay-type":"","overlay-color":"","overlay-opacity":"","overlay-gradient":""}},"h5ap_radio_sources":[]},"product_brand":[],"product_cat":[49],"product_tag":[],"class_list":{"0":"post-3071","1":"product","2":"type-product","3":"status-publish","4":"has-post-thumbnail","6":"product_cat-books","7":"desktop-align-left","8":"tablet-align-left","9":"mobile-align-left","10":"ast-product-gallery-layout-horizontal","11":"ast-product-gallery-with-no-image","12":"ast-magnify-disabled","13":"ast-product-tabs-layout-vertical","14":"ast-qv-on-image","16":"first","17":"instock","18":"taxable","19":"shipping-taxable","20":"purchasable","21":"product-type-simple"},"acf":[],"yoast_head":"<!-- This site is optimized with the Yoast SEO plugin v27.3 - https:\/\/yoast.com\/product\/yoast-seo-wordpress\/ -->\n<title>Strategisk storytelling i praksis - Get Ajour Forlag<\/title>\n<meta name=\"robots\" content=\"index, follow, max-snippet:-1, max-image-preview:large, max-video-preview:-1\" \/>\n<link rel=\"canonical\" href=\"https:\/\/getajourforlag.dk\/product\/strategisk-storytelling-i-praksis\/\" \/>\n<meta property=\"og:locale\" content=\"en_US\" \/>\n<meta property=\"og:type\" content=\"article\" \/>\n<meta property=\"og:title\" content=\"Strategisk storytelling i praksis - Get Ajour Forlag\" \/>\n<meta property=\"og:description\" content=\"Fort\u00e6l, giv mening og bliv husket Dette er h\u00e5ndbogen inden for den strategiske storytelling. Knap 400 sider fyldt med tips, tricks og gode r\u00e5d om, hvordan topchefer, ledere, forskere, s\u00e6lgere, HR-konsulenter, kommunikationsfolk og mange andre professionelle bev\u00e6ger mennesker med historier. G\u00f8r forretningens v\u00e6rdier til meningsfyldte samtaler p\u00e5 gulvet og hverdagens sm\u00e5 gerninger en aktiv del af vejen mod et bedre brand og gladere kunder.  Se meget mere om bogen HER\" \/>\n<meta property=\"og:url\" content=\"https:\/\/getajourforlag.dk\/product\/strategisk-storytelling-i-praksis\/\" \/>\n<meta property=\"og:site_name\" content=\"Get Ajour Forlag\" \/>\n<meta property=\"article:modified_time\" content=\"2024-07-29T05:07:06+00:00\" \/>\n<meta property=\"og:image\" content=\"https:\/\/getajourforlag.dk\/wp-content\/uploads\/2021\/11\/PR-Bog-Storytelling.png\" \/>\n\t<meta property=\"og:image:width\" content=\"720\" \/>\n\t<meta property=\"og:image:height\" content=\"801\" \/>\n\t<meta property=\"og:image:type\" content=\"image\/png\" \/>\n<meta name=\"twitter:card\" content=\"summary_large_image\" \/>\n<meta name=\"twitter:label1\" content=\"Est. reading time\" \/>\n\t<meta name=\"twitter:data1\" content=\"1 minute\" \/>\n<script type=\"application\/ld+json\" class=\"yoast-schema-graph\">{\"@context\":\"https:\\\/\\\/schema.org\",\"@graph\":[{\"@type\":\"WebPage\",\"@id\":\"https:\\\/\\\/getajourforlag.dk\\\/product\\\/strategisk-storytelling-i-praksis\\\/\",\"url\":\"https:\\\/\\\/getajourforlag.dk\\\/product\\\/strategisk-storytelling-i-praksis\\\/\",\"name\":\"Strategisk storytelling i praksis - Get Ajour Forlag\",\"isPartOf\":{\"@id\":\"https:\\\/\\\/getajourforlag.dk\\\/#website\"},\"primaryImageOfPage\":{\"@id\":\"https:\\\/\\\/getajourforlag.dk\\\/product\\\/strategisk-storytelling-i-praksis\\\/#primaryimage\"},\"image\":{\"@id\":\"https:\\\/\\\/getajourforlag.dk\\\/product\\\/strategisk-storytelling-i-praksis\\\/#primaryimage\"},\"thumbnailUrl\":\"https:\\\/\\\/getpublished.dk\\\/wp-content\\\/uploads\\\/2021\\\/11\\\/PR-Bog-Storytelling.png\",\"datePublished\":\"2021-11-25T09:54:28+00:00\",\"dateModified\":\"2024-07-29T05:07:06+00:00\",\"breadcrumb\":{\"@id\":\"https:\\\/\\\/getajourforlag.dk\\\/product\\\/strategisk-storytelling-i-praksis\\\/#breadcrumb\"},\"inLanguage\":\"en-US\",\"potentialAction\":[{\"@type\":\"ReadAction\",\"target\":[\"https:\\\/\\\/getajourforlag.dk\\\/product\\\/strategisk-storytelling-i-praksis\\\/\"]}]},{\"@type\":\"ImageObject\",\"inLanguage\":\"en-US\",\"@id\":\"https:\\\/\\\/getajourforlag.dk\\\/product\\\/strategisk-storytelling-i-praksis\\\/#primaryimage\",\"url\":\"https:\\\/\\\/getpublished.dk\\\/wp-content\\\/uploads\\\/2021\\\/11\\\/PR-Bog-Storytelling.png\",\"contentUrl\":\"https:\\\/\\\/getpublished.dk\\\/wp-content\\\/uploads\\\/2021\\\/11\\\/PR-Bog-Storytelling.png\",\"width\":720,\"height\":801},{\"@type\":\"BreadcrumbList\",\"@id\":\"https:\\\/\\\/getajourforlag.dk\\\/product\\\/strategisk-storytelling-i-praksis\\\/#breadcrumb\",\"itemListElement\":[{\"@type\":\"ListItem\",\"position\":1,\"name\":\"Hjem\",\"item\":\"https:\\\/\\\/getajourpublishing.com\\\/\"},{\"@type\":\"ListItem\",\"position\":2,\"name\":\"Shop\",\"item\":\"https:\\\/\\\/getajourforlag.dk\\\/shop\\\/\"},{\"@type\":\"ListItem\",\"position\":3,\"name\":\"Strategisk storytelling i praksis\"}]},{\"@type\":\"WebSite\",\"@id\":\"https:\\\/\\\/getajourforlag.dk\\\/#website\",\"url\":\"https:\\\/\\\/getajourforlag.dk\\\/\",\"name\":\"Get Ajour Forlag\",\"description\":\"B\u00f8ger der giver stof til eftertanke\",\"publisher\":{\"@id\":\"https:\\\/\\\/getajourforlag.dk\\\/#organization\"},\"potentialAction\":[{\"@type\":\"SearchAction\",\"target\":{\"@type\":\"EntryPoint\",\"urlTemplate\":\"https:\\\/\\\/getajourforlag.dk\\\/?s={search_term_string}\"},\"query-input\":{\"@type\":\"PropertyValueSpecification\",\"valueRequired\":true,\"valueName\":\"search_term_string\"}}],\"inLanguage\":\"en-US\"},{\"@type\":\"Organization\",\"@id\":\"https:\\\/\\\/getajourforlag.dk\\\/#organization\",\"name\":\"Get Ajour Forlag\",\"url\":\"https:\\\/\\\/getajourforlag.dk\\\/\",\"logo\":{\"@type\":\"ImageObject\",\"inLanguage\":\"en-US\",\"@id\":\"https:\\\/\\\/getajourforlag.dk\\\/#\\\/schema\\\/logo\\\/image\\\/\",\"url\":\"https:\\\/\\\/getpublished.dk\\\/wp-content\\\/uploads\\\/2020\\\/06\\\/GetAjourForlag_Sort_440px.png\",\"contentUrl\":\"https:\\\/\\\/getpublished.dk\\\/wp-content\\\/uploads\\\/2020\\\/06\\\/GetAjourForlag_Sort_440px.png\",\"width\":440,\"height\":182,\"caption\":\"Get Ajour Forlag\"},\"image\":{\"@id\":\"https:\\\/\\\/getajourforlag.dk\\\/#\\\/schema\\\/logo\\\/image\\\/\"}}]}<\/script>\n<!-- \/ Yoast SEO plugin. -->","yoast_head_json":{"title":"Strategisk storytelling i praksis - Get Ajour Forlag","robots":{"index":"index","follow":"follow","max-snippet":"max-snippet:-1","max-image-preview":"max-image-preview:large","max-video-preview":"max-video-preview:-1"},"canonical":"https:\/\/getajourforlag.dk\/product\/strategisk-storytelling-i-praksis\/","og_locale":"en_US","og_type":"article","og_title":"Strategisk storytelling i praksis - Get Ajour Forlag","og_description":"Fort\u00e6l, giv mening og bliv husket Dette er h\u00e5ndbogen inden for den strategiske storytelling. Knap 400 sider fyldt med tips, tricks og gode r\u00e5d om, hvordan topchefer, ledere, forskere, s\u00e6lgere, HR-konsulenter, kommunikationsfolk og mange andre professionelle bev\u00e6ger mennesker med historier. G\u00f8r forretningens v\u00e6rdier til meningsfyldte samtaler p\u00e5 gulvet og hverdagens sm\u00e5 gerninger en aktiv del af vejen mod et bedre brand og gladere kunder.  Se meget mere om bogen HER","og_url":"https:\/\/getajourforlag.dk\/product\/strategisk-storytelling-i-praksis\/","og_site_name":"Get Ajour Forlag","article_modified_time":"2024-07-29T05:07:06+00:00","og_image":[{"width":720,"height":801,"url":"https:\/\/getajourforlag.dk\/wp-content\/uploads\/2021\/11\/PR-Bog-Storytelling.png","type":"image\/png"}],"twitter_card":"summary_large_image","twitter_misc":{"Est. reading time":"1 minute"},"schema":{"@context":"https:\/\/schema.org","@graph":[{"@type":"WebPage","@id":"https:\/\/getajourforlag.dk\/product\/strategisk-storytelling-i-praksis\/","url":"https:\/\/getajourforlag.dk\/product\/strategisk-storytelling-i-praksis\/","name":"Strategisk storytelling i praksis - Get Ajour Forlag","isPartOf":{"@id":"https:\/\/getajourforlag.dk\/#website"},"primaryImageOfPage":{"@id":"https:\/\/getajourforlag.dk\/product\/strategisk-storytelling-i-praksis\/#primaryimage"},"image":{"@id":"https:\/\/getajourforlag.dk\/product\/strategisk-storytelling-i-praksis\/#primaryimage"},"thumbnailUrl":"https:\/\/getpublished.dk\/wp-content\/uploads\/2021\/11\/PR-Bog-Storytelling.png","datePublished":"2021-11-25T09:54:28+00:00","dateModified":"2024-07-29T05:07:06+00:00","breadcrumb":{"@id":"https:\/\/getajourforlag.dk\/product\/strategisk-storytelling-i-praksis\/#breadcrumb"},"inLanguage":"en-US","potentialAction":[{"@type":"ReadAction","target":["https:\/\/getajourforlag.dk\/product\/strategisk-storytelling-i-praksis\/"]}]},{"@type":"ImageObject","inLanguage":"en-US","@id":"https:\/\/getajourforlag.dk\/product\/strategisk-storytelling-i-praksis\/#primaryimage","url":"https:\/\/getpublished.dk\/wp-content\/uploads\/2021\/11\/PR-Bog-Storytelling.png","contentUrl":"https:\/\/getpublished.dk\/wp-content\/uploads\/2021\/11\/PR-Bog-Storytelling.png","width":720,"height":801},{"@type":"BreadcrumbList","@id":"https:\/\/getajourforlag.dk\/product\/strategisk-storytelling-i-praksis\/#breadcrumb","itemListElement":[{"@type":"ListItem","position":1,"name":"Hjem","item":"https:\/\/getajourpublishing.com\/"},{"@type":"ListItem","position":2,"name":"Shop","item":"https:\/\/getajourforlag.dk\/shop\/"},{"@type":"ListItem","position":3,"name":"Strategisk storytelling i praksis"}]},{"@type":"WebSite","@id":"https:\/\/getajourforlag.dk\/#website","url":"https:\/\/getajourforlag.dk\/","name":"Get Ajour Forlag","description":"B\u00f8ger der giver stof til eftertanke","publisher":{"@id":"https:\/\/getajourforlag.dk\/#organization"},"potentialAction":[{"@type":"SearchAction","target":{"@type":"EntryPoint","urlTemplate":"https:\/\/getajourforlag.dk\/?s={search_term_string}"},"query-input":{"@type":"PropertyValueSpecification","valueRequired":true,"valueName":"search_term_string"}}],"inLanguage":"en-US"},{"@type":"Organization","@id":"https:\/\/getajourforlag.dk\/#organization","name":"Get Ajour Forlag","url":"https:\/\/getajourforlag.dk\/","logo":{"@type":"ImageObject","inLanguage":"en-US","@id":"https:\/\/getajourforlag.dk\/#\/schema\/logo\/image\/","url":"https:\/\/getpublished.dk\/wp-content\/uploads\/2020\/06\/GetAjourForlag_Sort_440px.png","contentUrl":"https:\/\/getpublished.dk\/wp-content\/uploads\/2020\/06\/GetAjourForlag_Sort_440px.png","width":440,"height":182,"caption":"Get Ajour Forlag"},"image":{"@id":"https:\/\/getajourforlag.dk\/#\/schema\/logo\/image\/"}}]}},"_links":{"self":[{"href":"https:\/\/getpublished.dk\/en\/wp-json\/wp\/v2\/product\/3071","targetHints":{"allow":["GET"]}}],"collection":[{"href":"https:\/\/getpublished.dk\/en\/wp-json\/wp\/v2\/product"}],"about":[{"href":"https:\/\/getpublished.dk\/en\/wp-json\/wp\/v2\/types\/product"}],"wp:featuredmedia":[{"embeddable":true,"href":"https:\/\/getpublished.dk\/en\/wp-json\/wp\/v2\/media\/2809"}],"wp:attachment":[{"href":"https:\/\/getpublished.dk\/en\/wp-json\/wp\/v2\/media?parent=3071"}],"wp:term":[{"taxonomy":"product_brand","embeddable":true,"href":"https:\/\/getpublished.dk\/en\/wp-json\/wp\/v2\/product_brand?post=3071"},{"taxonomy":"product_cat","embeddable":true,"href":"https:\/\/getpublished.dk\/en\/wp-json\/wp\/v2\/product_cat?post=3071"},{"taxonomy":"product_tag","embeddable":true,"href":"https:\/\/getpublished.dk\/en\/wp-json\/wp\/v2\/product_tag?post=3071"}],"curies":[{"name":"wp","href":"https:\/\/api.w.org\/{rel}","templated":true}]}}